{"id":2573,"date":"2023-02-02T20:37:06","date_gmt":"2023-02-02T19:37:06","guid":{"rendered":"https:\/\/www.lucesveritatis.it\/sobre-nosotros\/"},"modified":"2023-09-05T16:31:37","modified_gmt":"2023-09-05T14:31:37","slug":"sobre-nosotros","status":"publish","type":"page","link":"https:\/\/www.lucesveritatis.it\/es\/sobre-nosotros\/","title":{"rendered":"Sobre nosotros"},"content":{"rendered":"<div class=\"wp-block-image\">\n<figure class=\"aligncenter size-full\"><img loading=\"lazy\" decoding=\"async\" width=\"800\" height=\"587\" src=\"https:\/\/www.lucesveritatis.it\/wp-content\/uploads\/2023\/02\/quercia01.jpg\" alt=\"\" class=\"wp-image-77\" srcset=\"https:\/\/www.lucesveritatis.it\/wp-content\/uploads\/2023\/02\/quercia01.jpg 800w, https:\/\/www.lucesveritatis.it\/wp-content\/uploads\/2023\/02\/quercia01-300x220.jpg 300w, https:\/\/www.lucesveritatis.it\/wp-content\/uploads\/2023\/02\/quercia01-768x564.jpg 768w\" sizes=\"auto, (max-width: 800px) 100vw, 800px\" \/><\/figure>\n<\/div>\n<p>Somos personas que han decidido <strong>plantar una bellota para que ma\u00f1ana alguien pueda descansar a la sombra de un roble.<\/strong><\/p>\n\n<p>Somos cat\u00f3licos que han <strong>mirado a su alrededor<\/strong> y han visto la <strong>necesidad<\/strong> de <strong>reconstruir una sociedad centrada en Cristo<\/strong>, \u00fanico Camino, Verdad y Vida.<\/p>\n\n<p>Somos personas que creemos que <strong>hay que trabajar, m\u00e1s que hablar,<\/strong> pero que <strong>antes hay que rezar, vivir los Sacramentos<\/strong> con la frecuencia y la fe adecuadas, porque \u00ab<em>En vano trabajan los alba\u00f1iles si el Se\u00f1or no construye su casa<\/em>\u00ab.<\/p>\n\n<p>Nosotros, como la Madre Teresa de Calcuta, <strong>nos sentimos como peque\u00f1os l\u00e1pices en las manos del Se\u00f1or<\/strong> y queremos dejarnos guiar por Su mano, porque <strong>es \u00c9l quien piensa, es \u00c9l quien escribe, es \u00c9l quien dibuja.<\/strong><\/p>\n\n<p>Creemos en la <strong>Doctrina Social de la Iglesia<\/strong> y en que la aplicaci\u00f3n de sus principios es necesaria para crear una sociedad m\u00e1s justa.<\/p>\n\n<p>Creemos que ha llegado el momento de <strong>construir una red de comunidades locales, arraigadas en el territorio, injertadas en las parroquias, estrechamente conectadas con las comunidades religiosas<\/strong>, una red <strong>al servicio de Dios y del Hombre<\/strong>, para <strong>restaurar la Esperanza Cristiana<\/strong> en la<strong>econom\u00eda<\/strong>, <strong>educaci\u00f3n<\/strong>, <strong>sanidad<\/strong>, <strong>arte<\/strong>, <strong>cultura<\/strong> y todas las dimensiones de las que la \u00c9tica Cristiana ha sido expulsada en las \u00faltimas d\u00e9cadas. Una red de peque\u00f1as luces que llevan la \u00fanica verdad que es Cristo.<\/p>\n\n<p>Nuestro lema no es muy original, pero no podr\u00edamos expresar mejor cu\u00e1l es nuestra idea: <strong>ora et labora<\/strong>, <strong>reza y trabaja<\/strong>, <strong>encomi\u00e9ndate a Dios y deja que \u00c9l, a trav\u00e9s de ti, reconstruya esta humanidad rota y cure esta sociedad gravemente enferma.<\/strong><\/p>\n\n<p>Nos ponemos al servicio de un <strong>humanismo cristiano<\/strong>, <strong>cuyo coraz\u00f3n est\u00e1 en la Encarnaci\u00f3n<\/strong>. <strong>Veneramos a Mar\u00eda Sant\u00edsima como nuestra madre celestial y nos consagramos a ella en esta obra de evangelizaci\u00f3n.<\/strong><\/p>\n\n<p>Tenemos una <strong>visi\u00f3n muy clara<\/strong> de la sociedad <strong>que queremos construir<\/strong>, y <strong>pasar\u00e1n a\u00f1os<\/strong> antes de que se haga realidad, <strong>si Dios quiere<\/strong>. Pero esto no nos asusta. Conscientes, como hemos dicho, de que estamos plantando una bellota. A la sombra de ese roble, probablemente no podremos descansar, pero, de nuevo, \u00bfcu\u00e1ntas sombras de roble hemos disfrutado porque alguien plant\u00f3 la bellota mucho antes que nosotros? As\u00ed que, como dec\u00eda el abuelo del Peregrino Ruso: \u00ab<em>Demos gracias a Dios y rec\u00e9mosle m\u00e1s a menudo<\/em>\u00ab.<\/p>\n\n<p>Que el Se\u00f1or nos bendiga, nos preserve de todo mal y nos conduzca a la vida eterna. Amen<\/p>\n\n<p><strong>Para saber cu\u00e1l es nuestro Manifiesto<\/strong>, puede hacer clic en el men\u00fa Manifiesto o <a href=\"https:\/\/www.lucesveritatis.it\/manifesto\/\">en este enlace.<\/a><\/p>\n\n<p><strong>Para informarse sobre el C\u00f3digo \u00c9tico<\/strong>, puede hacer clic en el men\u00fa sil C\u00f3digo \u00c9tico o <a href=\"https:\/\/www.lucesveritatis.it\/codice-etico\/\">en este enlace<\/a>.<\/p>\n\n<p><strong>Para informarse sobre nuestro Proyecto<\/strong>, puede acceder al men\u00fa Recursos o <a href=\"https:\/\/www.lucesveritatis.it\/risorse\/\">a este enlace.<\/a><\/p>\n","protected":false},"excerpt":{"rendered":"<p>Somos personas que han decidido plantar una bellota para que ma\u00f1ana alguien pueda descansar a la sombra de un roble. Somos cat\u00f3licos que han mirado a su alrededor y han&#8230;<\/p>\n","protected":false},"author":1,"featured_media":0,"parent":0,"menu_order":0,"comment_status":"closed","ping_status":"closed","template":"","meta":{"ngg_post_thumbnail":0,"_price":"","_stock":"","_tribe_ticket_header":"","_tribe_default_ticket_provider":"","_tribe_ticket_capacity":"0","_ticket_start_date":"","_ticket_end_date":"","_tribe_ticket_show_description":"","_tribe_ticket_show_not_going":false,"_tribe_ticket_use_global_stock":"","_tribe_ticket_global_stock_level":"","_global_stock_mode":"","_global_stock_cap":"","_tribe_rsvp_for_event":"","_tribe_ticket_going_count":"","_tribe_ticket_not_going_count":"","_tribe_tickets_list":"[]","_tribe_ticket_has_attendee_info_fields":false,"_kad_post_transparent":"","_kad_post_title":"","_kad_post_layout":"","_kad_post_sidebar_id":"","_kad_post_content_style":"","_kad_post_vertical_padding":"","_kad_post_feature":"","_kad_post_feature_position":"","_kad_post_header":false,"_kad_post_footer":false,"_kad_post_classname":"","footnotes":"","_tec_slr_enabled":"","_tec_slr_layout":""},"class_list":["post-2573","page","type-page","status-publish","hentry"],"yoast_head":"<!-- This site is optimized with the Yoast SEO plugin v27.6 - https:\/\/yoast.com\/product\/yoast-seo-wordpress\/ -->\n<title>Sobre nosotros - Luces Veritatis<\/title>\n<meta name=\"robots\" content=\"index, follow, max-snippet:-1, max-image-preview:large, max-video-preview:-1\" \/>\n<link rel=\"canonical\" href=\"https:\/\/www.lucesveritatis.it\/es\/sobre-nosotros\/\" \/>\n<meta property=\"og:locale\" content=\"es_ES\" \/>\n<meta property=\"og:type\" content=\"article\" \/>\n<meta property=\"og:title\" content=\"Sobre nosotros - Luces Veritatis\" \/>\n<meta property=\"og:description\" content=\"Somos personas que han decidido plantar una bellota para que ma\u00f1ana alguien pueda descansar a la sombra de un roble. Somos cat\u00f3licos que han mirado a su alrededor y han...\" \/>\n<meta property=\"og:url\" content=\"https:\/\/www.lucesveritatis.it\/es\/sobre-nosotros\/\" \/>\n<meta property=\"og:site_name\" content=\"Luces Veritatis\" \/>\n<meta property=\"article:modified_time\" content=\"2023-09-05T14:31:37+00:00\" \/>\n<meta property=\"og:image\" content=\"https:\/\/www.lucesveritatis.it\/wp-content\/uploads\/2023\/02\/quercia01.jpg\" \/>\n<meta name=\"twitter:card\" content=\"summary_large_image\" \/>\n<meta name=\"twitter:label1\" content=\"Tiempo de lectura\" \/>\n\t<meta name=\"twitter:data1\" content=\"2 minutos\" \/>\n<script type=\"application\/ld+json\" class=\"yoast-schema-graph\">{\"@context\":\"https:\\\/\\\/schema.org\",\"@graph\":[{\"@type\":\"WebPage\",\"@id\":\"https:\\\/\\\/www.lucesveritatis.it\\\/es\\\/sobre-nosotros\\\/\",\"url\":\"https:\\\/\\\/www.lucesveritatis.it\\\/es\\\/sobre-nosotros\\\/\",\"name\":\"Sobre nosotros - Luces Veritatis\",\"isPartOf\":{\"@id\":\"https:\\\/\\\/www.lucesveritatis.it\\\/es\\\/#website\"},\"primaryImageOfPage\":{\"@id\":\"https:\\\/\\\/www.lucesveritatis.it\\\/es\\\/sobre-nosotros\\\/#primaryimage\"},\"image\":{\"@id\":\"https:\\\/\\\/www.lucesveritatis.it\\\/es\\\/sobre-nosotros\\\/#primaryimage\"},\"thumbnailUrl\":\"https:\\\/\\\/www.lucesveritatis.it\\\/wp-content\\\/uploads\\\/2023\\\/02\\\/quercia01.jpg\",\"datePublished\":\"2023-02-02T19:37:06+00:00\",\"dateModified\":\"2023-09-05T14:31:37+00:00\",\"breadcrumb\":{\"@id\":\"https:\\\/\\\/www.lucesveritatis.it\\\/es\\\/sobre-nosotros\\\/#breadcrumb\"},\"inLanguage\":\"es\",\"potentialAction\":[{\"@type\":\"ReadAction\",\"target\":[\"https:\\\/\\\/www.lucesveritatis.it\\\/es\\\/sobre-nosotros\\\/\"]}]},{\"@type\":\"ImageObject\",\"inLanguage\":\"es\",\"@id\":\"https:\\\/\\\/www.lucesveritatis.it\\\/es\\\/sobre-nosotros\\\/#primaryimage\",\"url\":\"https:\\\/\\\/www.lucesveritatis.it\\\/wp-content\\\/uploads\\\/2023\\\/02\\\/quercia01.jpg\",\"contentUrl\":\"https:\\\/\\\/www.lucesveritatis.it\\\/wp-content\\\/uploads\\\/2023\\\/02\\\/quercia01.jpg\"},{\"@type\":\"BreadcrumbList\",\"@id\":\"https:\\\/\\\/www.lucesveritatis.it\\\/es\\\/sobre-nosotros\\\/#breadcrumb\",\"itemListElement\":[{\"@type\":\"ListItem\",\"position\":1,\"name\":\"Home\",\"item\":\"https:\\\/\\\/www.lucesveritatis.it\\\/es\\\/\"},{\"@type\":\"ListItem\",\"position\":2,\"name\":\"Sobre nosotros\"}]},{\"@type\":\"WebSite\",\"@id\":\"https:\\\/\\\/www.lucesveritatis.it\\\/es\\\/#website\",\"url\":\"https:\\\/\\\/www.lucesveritatis.it\\\/es\\\/\",\"name\":\"Luces Veritatis\",\"description\":\"Rete di Comunit\u00e0 Cattoliche ispirate a S. Benedetto\",\"potentialAction\":[{\"@type\":\"SearchAction\",\"target\":{\"@type\":\"EntryPoint\",\"urlTemplate\":\"https:\\\/\\\/www.lucesveritatis.it\\\/es\\\/?s={search_term_string}\"},\"query-input\":{\"@type\":\"PropertyValueSpecification\",\"valueRequired\":true,\"valueName\":\"search_term_string\"}}],\"inLanguage\":\"es\"}]}<\/script>\n<!-- \/ Yoast SEO plugin. -->","yoast_head_json":{"title":"Sobre nosotros - Luces Veritatis","robots":{"index":"index","follow":"follow","max-snippet":"max-snippet:-1","max-image-preview":"max-image-preview:large","max-video-preview":"max-video-preview:-1"},"canonical":"https:\/\/www.lucesveritatis.it\/es\/sobre-nosotros\/","og_locale":"es_ES","og_type":"article","og_title":"Sobre nosotros - Luces Veritatis","og_description":"Somos personas que han decidido plantar una bellota para que ma\u00f1ana alguien pueda descansar a la sombra de un roble. Somos cat\u00f3licos que han mirado a su alrededor y han...","og_url":"https:\/\/www.lucesveritatis.it\/es\/sobre-nosotros\/","og_site_name":"Luces Veritatis","article_modified_time":"2023-09-05T14:31:37+00:00","og_image":[{"url":"https:\/\/www.lucesveritatis.it\/wp-content\/uploads\/2023\/02\/quercia01.jpg","type":"","width":"","height":""}],"twitter_card":"summary_large_image","twitter_misc":{"Tiempo de lectura":"2 minutos"},"schema":{"@context":"https:\/\/schema.org","@graph":[{"@type":"WebPage","@id":"https:\/\/www.lucesveritatis.it\/es\/sobre-nosotros\/","url":"https:\/\/www.lucesveritatis.it\/es\/sobre-nosotros\/","name":"Sobre nosotros - Luces Veritatis","isPartOf":{"@id":"https:\/\/www.lucesveritatis.it\/es\/#website"},"primaryImageOfPage":{"@id":"https:\/\/www.lucesveritatis.it\/es\/sobre-nosotros\/#primaryimage"},"image":{"@id":"https:\/\/www.lucesveritatis.it\/es\/sobre-nosotros\/#primaryimage"},"thumbnailUrl":"https:\/\/www.lucesveritatis.it\/wp-content\/uploads\/2023\/02\/quercia01.jpg","datePublished":"2023-02-02T19:37:06+00:00","dateModified":"2023-09-05T14:31:37+00:00","breadcrumb":{"@id":"https:\/\/www.lucesveritatis.it\/es\/sobre-nosotros\/#breadcrumb"},"inLanguage":"es","potentialAction":[{"@type":"ReadAction","target":["https:\/\/www.lucesveritatis.it\/es\/sobre-nosotros\/"]}]},{"@type":"ImageObject","inLanguage":"es","@id":"https:\/\/www.lucesveritatis.it\/es\/sobre-nosotros\/#primaryimage","url":"https:\/\/www.lucesveritatis.it\/wp-content\/uploads\/2023\/02\/quercia01.jpg","contentUrl":"https:\/\/www.lucesveritatis.it\/wp-content\/uploads\/2023\/02\/quercia01.jpg"},{"@type":"BreadcrumbList","@id":"https:\/\/www.lucesveritatis.it\/es\/sobre-nosotros\/#breadcrumb","itemListElement":[{"@type":"ListItem","position":1,"name":"Home","item":"https:\/\/www.lucesveritatis.it\/es\/"},{"@type":"ListItem","position":2,"name":"Sobre nosotros"}]},{"@type":"WebSite","@id":"https:\/\/www.lucesveritatis.it\/es\/#website","url":"https:\/\/www.lucesveritatis.it\/es\/","name":"Luces Veritatis","description":"Rete di Comunit\u00e0 Cattoliche ispirate a S. Benedetto","potentialAction":[{"@type":"SearchAction","target":{"@type":"EntryPoint","urlTemplate":"https:\/\/www.lucesveritatis.it\/es\/?s={search_term_string}"},"query-input":{"@type":"PropertyValueSpecification","valueRequired":true,"valueName":"search_term_string"}}],"inLanguage":"es"}]}},"ticketed":false,"_links":{"self":[{"href":"https:\/\/www.lucesveritatis.it\/es\/wp-json\/wp\/v2\/pages\/2573","targetHints":{"allow":["GET"]}}],"collection":[{"href":"https:\/\/www.lucesveritatis.it\/es\/wp-json\/wp\/v2\/pages"}],"about":[{"href":"https:\/\/www.lucesveritatis.it\/es\/wp-json\/wp\/v2\/types\/page"}],"author":[{"embeddable":true,"href":"https:\/\/www.lucesveritatis.it\/es\/wp-json\/wp\/v2\/users\/1"}],"replies":[{"embeddable":true,"href":"https:\/\/www.lucesveritatis.it\/es\/wp-json\/wp\/v2\/comments?post=2573"}],"version-history":[{"count":1,"href":"https:\/\/www.lucesveritatis.it\/es\/wp-json\/wp\/v2\/pages\/2573\/revisions"}],"predecessor-version":[{"id":2574,"href":"https:\/\/www.lucesveritatis.it\/es\/wp-json\/wp\/v2\/pages\/2573\/revisions\/2574"}],"wp:attachment":[{"href":"https:\/\/www.lucesveritatis.it\/es\/wp-json\/wp\/v2\/media?parent=2573"}],"curies":[{"name":"wp","href":"https:\/\/api.w.org\/{rel}","templated":true}]}}